{"id":1985,"date":"2022-01-12T10:57:57","date_gmt":"2022-01-12T09:57:57","guid":{"rendered":"http:\/\/www.smarchitectes.com\/?page_id=1985"},"modified":"2022-01-26T17:34:00","modified_gmt":"2022-01-26T16:34:00","slug":"proprietes-viticoles","status":"publish","type":"page","link":"https:\/\/www.smarchitectes.com\/en\/proprietes-viticoles\/","title":{"rendered":"Propri\u00e9t\u00e9s Viticoles"},"content":{"rendered":"<p>D\u00e9couvrez et explorez les projets pour des Propri\u00e9t\u00e9s Viticoles\u00a0r\u00e9alis\u00e9s par l&rsquo;agence Sarthou &amp; Michard Architectes.<\/p>","protected":false},"excerpt":{"rendered":"<p>D\u00e9couvrez et explorez les projets pour des Propri\u00e9t\u00e9s Viticoles\u00a0r\u00e9alis\u00e9s par l&rsquo;agence Sarthou &amp; Michard Architectes.<\/p>","protected":false},"author":1,"featured_media":0,"parent":0,"menu_order":12,"comment_status":"closed","ping_status":"closed","template":"template-portfolio-grid.php","meta":[],"class_list":["post-1985","page","type-page","status-publish","hentry"],"grid":"","phonegrid":"","_links":{"self":[{"href":"https:\/\/www.smarchitectes.com\/en\/wp-json\/wp\/v2\/pages\/1985","targetHints":{"allow":["GET"]}}],"collection":[{"href":"https:\/\/www.smarchitectes.com\/en\/wp-json\/wp\/v2\/pages"}],"about":[{"href":"https:\/\/www.smarchitectes.com\/en\/wp-json\/wp\/v2\/types\/page"}],"author":[{"embeddable":true,"href":"https:\/\/www.smarchitectes.com\/en\/wp-json\/wp\/v2\/users\/1"}],"replies":[{"embeddable":true,"href":"https:\/\/www.smarchitectes.com\/en\/wp-json\/wp\/v2\/comments?post=1985"}],"version-history":[{"count":0,"href":"https:\/\/www.smarchitectes.com\/en\/wp-json\/wp\/v2\/pages\/1985\/revisions"}],"wp:attachment":[{"href":"https:\/\/www.smarchitectes.com\/en\/wp-json\/wp\/v2\/media?parent=1985"}],"curies":[{"name":"wp","href":"https:\/\/api.w.org\/{rel}","templated":true}]}}